{"id":2350,"date":"2023-08-14T14:54:38","date_gmt":"2023-08-14T12:54:38","guid":{"rendered":"https:\/\/www.erekcin.cz\/produkt\/erekcin-30-kapsli\/"},"modified":"2024-01-02T14:50:20","modified_gmt":"2024-01-02T13:50:20","slug":"erekcin-30-kapsli","status":"publish","type":"product","link":"https:\/\/www.erekcin.cz\/sk\/produkt\/erekcin-30-kapsli\/","title":{"rendered":"Erekcin &#8211; 30 kaps\u00fal"},"content":{"rendered":"\t\t<div data-elementor-type=\"wp-post\" data-elementor-id=\"2350\" class=\"elementor elementor-2350 elementor-2002\">\n\t\t\t\t\t\t<section class=\"elementor-section elementor-top-section elementor-element elementor-element-2f2a8d8f elementor-section-boxed elementor-section-height-default elementor-section-height-default\" data-id=\"2f2a8d8f\" data-element_type=\"section\">\n\t\t\t\t\t\t<div class=\"elementor-container elementor-column-gap-default\">\n\t\t\t\t\t<div class=\"elementor-column elementor-col-100 elementor-top-column elementor-element elementor-element-e8199f\" data-id=\"e8199f\" data-element_type=\"column\">\n\t\t\t<div class=\"elementor-widget-wrap elementor-element-populated\">\n\t\t\t\t\t\t<div class=\"elementor-element elementor-element-183721f1 elementor-widget__width-initial elementor-widget elementor-widget-text-editor\" data-id=\"183721f1\" data-element_type=\"widget\" data-widget_type=\"text-editor.default\">\n\t\t\t\t<div class=\"elementor-widget-container\">\n\t\t\t<style>\/*! elementor - v3.19.0 - 07-02-2024 *\/\n.elementor-widget-text-editor.elementor-drop-cap-view-stacked .elementor-drop-cap{background-color:#69727d;color:#fff}.elementor-widget-text-editor.elementor-drop-cap-view-framed .elementor-drop-cap{color:#69727d;border:3px solid;background-color:transparent}.elementor-widget-text-editor:not(.elementor-drop-cap-view-default) .elementor-drop-cap{margin-top:8px}.elementor-widget-text-editor:not(.elementor-drop-cap-view-default) .elementor-drop-cap-letter{width:1em;height:1em}.elementor-widget-text-editor .elementor-drop-cap{float:left;text-align:center;line-height:1;font-size:50px}.elementor-widget-text-editor .elementor-drop-cap-letter{display:inline-block}<\/style>\t\t\t\t<h2>100% pr\u00edrodn\u00fd doplnok stravy pre mu\u017eov<\/h2>\t\t\t\t\t\t<\/div>\n\t\t\t\t<\/div>\n\t\t\t\t\t<\/div>\n\t\t<\/div>\n\t\t\t\t\t<\/div>\n\t\t<\/section>\n\t\t\t\t<section class=\"elementor-section elementor-top-section elementor-element elementor-element-6b4d5fcd elementor-section-boxed elementor-section-height-default elementor-section-height-default\" data-id=\"6b4d5fcd\" data-element_type=\"section\" data-settings=\"{&quot;background_background&quot;:&quot;classic&quot;}\">\n\t\t\t\t\t\t<div class=\"elementor-container elementor-column-gap-no\">\n\t\t\t\t\t<div class=\"elementor-column elementor-col-33 elementor-top-column elementor-element elementor-element-738db1b6\" data-id=\"738db1b6\" data-element_type=\"column\">\n\t\t\t<div class=\"elementor-widget-wrap elementor-element-populated\">\n\t\t\t\t\t\t<div class=\"elementor-element elementor-element-1e7bf17d elementor-view-default elementor-widget elementor-widget-icon\" data-id=\"1e7bf17d\" data-element_type=\"widget\" data-widget_type=\"icon.default\">\n\t\t\t\t<div class=\"elementor-widget-container\">\n\t\t\t\t\t<div class=\"elementor-icon-wrapper\">\n\t\t\t<div class=\"elementor-icon\">\n\t\t\t<i aria-hidden=\"true\" class=\"far fa-check-circle\"><\/i>\t\t\t<\/div>\n\t\t<\/div>\n\t\t\t\t<\/div>\n\t\t\t\t<\/div>\n\t\t\t\t<div class=\"elementor-element elementor-element-5f9bcfaf elementor-widget elementor-widget-heading\" data-id=\"5f9bcfaf\" data-element_type=\"widget\" data-widget_type=\"heading.default\">\n\t\t\t\t<div class=\"elementor-widget-container\">\n\t\t\t<style>\/*! elementor - v3.19.0 - 07-02-2024 *\/\n.elementor-heading-title{padding:0;margin:0;line-height:1}.elementor-widget-heading .elementor-heading-title[class*=elementor-size-]>a{color:inherit;font-size:inherit;line-height:inherit}.elementor-widget-heading .elementor-heading-title.elementor-size-small{font-size:15px}.elementor-widget-heading .elementor-heading-title.elementor-size-medium{font-size:19px}.elementor-widget-heading .elementor-heading-title.elementor-size-large{font-size:29px}.elementor-widget-heading .elementor-heading-title.elementor-size-xl{font-size:39px}.elementor-widget-heading .elementor-heading-title.elementor-size-xxl{font-size:59px}<\/style><h3 class=\"elementor-heading-title elementor-size-default\">Zaru\u010den\u00e1 podpora <br>pevn\u00e9 erekcie<\/h3>\t\t<\/div>\n\t\t\t\t<\/div>\n\t\t\t\t\t<\/div>\n\t\t<\/div>\n\t\t\t\t<div class=\"elementor-column elementor-col-33 elementor-top-column elementor-element elementor-element-2fdd54b\" data-id=\"2fdd54b\" data-element_type=\"column\">\n\t\t\t<div class=\"elementor-widget-wrap elementor-element-populated\">\n\t\t\t\t\t\t<div class=\"elementor-element elementor-element-5ebd69cf elementor-view-default elementor-widget elementor-widget-icon\" data-id=\"5ebd69cf\" data-element_type=\"widget\" data-widget_type=\"icon.default\">\n\t\t\t\t<div class=\"elementor-widget-container\">\n\t\t\t\t\t<div class=\"elementor-icon-wrapper\">\n\t\t\t<div class=\"elementor-icon\">\n\t\t\t<i aria-hidden=\"true\" class=\"far fa-check-circle\"><\/i>\t\t\t<\/div>\n\t\t<\/div>\n\t\t\t\t<\/div>\n\t\t\t\t<\/div>\n\t\t\t\t<div class=\"elementor-element elementor-element-68c52a2b elementor-widget elementor-widget-heading\" data-id=\"68c52a2b\" data-element_type=\"widget\" data-widget_type=\"heading.default\">\n\t\t\t\t<div class=\"elementor-widget-container\">\n\t\t\t<h3 class=\"elementor-heading-title elementor-size-default\">1 kapsula, okam\u017eit\u00fd \u00fa\u010dinok<\/h3>\t\t<\/div>\n\t\t\t\t<\/div>\n\t\t\t\t\t<\/div>\n\t\t<\/div>\n\t\t\t\t<div class=\"elementor-column elementor-col-33 elementor-top-column elementor-element elementor-element-2c600b15\" data-id=\"2c600b15\" data-element_type=\"column\">\n\t\t\t<div class=\"elementor-widget-wrap elementor-element-populated\">\n\t\t\t\t\t\t<div class=\"elementor-element elementor-element-719c7d82 elementor-view-default elementor-widget elementor-widget-icon\" data-id=\"719c7d82\" data-element_type=\"widget\" data-widget_type=\"icon.default\">\n\t\t\t\t<div class=\"elementor-widget-container\">\n\t\t\t\t\t<div class=\"elementor-icon-wrapper\">\n\t\t\t<div class=\"elementor-icon\">\n\t\t\t<i aria-hidden=\"true\" class=\"far fa-check-circle\"><\/i>\t\t\t<\/div>\n\t\t<\/div>\n\t\t\t\t<\/div>\n\t\t\t\t<\/div>\n\t\t\t\t<div class=\"elementor-element elementor-element-6755c455 elementor-widget elementor-widget-heading\" data-id=\"6755c455\" data-element_type=\"widget\" data-widget_type=\"heading.default\">\n\t\t\t\t<div class=\"elementor-widget-container\">\n\t\t\t<h3 class=\"elementor-heading-title elementor-size-default\">Maxim\u00e1lne uspokojenie<br> zo sexu<\/h3>\t\t<\/div>\n\t\t\t\t<\/div>\n\t\t\t\t\t<\/div>\n\t\t<\/div>\n\t\t\t\t\t<\/div>\n\t\t<\/section>\n\t\t\t\t<section class=\"elementor-section elementor-top-section elementor-element elementor-element-44fe2cf elementor-section-boxed elementor-section-height-default elementor-section-height-default\" data-id=\"44fe2cf\" data-element_type=\"section\">\n\t\t\t\t\t\t<div class=\"elementor-container elementor-column-gap-default\">\n\t\t\t\t\t<div class=\"elementor-column elementor-col-50 elementor-top-column elementor-element elementor-element-041b6d9\" data-id=\"041b6d9\" data-element_type=\"column\">\n\t\t\t<div class=\"elementor-widget-wrap elementor-element-populated\">\n\t\t\t\t\t\t<div class=\"elementor-element elementor-element-f4b6bfe elementor-widget elementor-widget-text-editor\" data-id=\"f4b6bfe\" data-element_type=\"widget\" data-widget_type=\"text-editor.default\">\n\t\t\t\t<div class=\"elementor-widget-container\">\n\t\t\t\t\t\t\t<p><strong>Pou\u017eitie:<\/strong> Podporuje vitalitu, prispieva norm\u00e1ln\u00edmu krvn\u00e9mu obehu a t\u00fdm pom\u00e1ha udr\u017ea\u0165 norm\u00e1lnu sexualitu.Prispieva k udr\u017eaniu fyzickej a psychickej schopnosti v pr\u00edpadoch slabosti, vy\u010derpania a \u00fanave. Stimuluje organizmus pri vy\u010derpan\u00ed.<br \/><br \/><strong>Zlo\u017eenie:<\/strong> Maca, Kotvi\u010dn\u00edk, \u017den\u0161en prav\u00fd, \u0160alvia lek\u00e1rska,<br \/>Alp\u00ednia lek\u00e1rska, Kolov\u00fd orech. Kapsula obsahuje \u017eelat\u00ednu.<br \/>D\u00e1vkovanie: 1 kapsula 1x denne. Neprekra\u010dujte denn\u00e9 odpor\u00fa\u010dan\u00e9 d\u00e1vkovanie.<\/p>\t\t\t\t\t\t<\/div>\n\t\t\t\t<\/div>\n\t\t\t\t\t<\/div>\n\t\t<\/div>\n\t\t\t\t<div class=\"elementor-column elementor-col-50 elementor-top-column elementor-element elementor-element-0630c99\" data-id=\"0630c99\" data-element_type=\"column\">\n\t\t\t<div class=\"elementor-widget-wrap elementor-element-populated\">\n\t\t\t\t\t\t<div class=\"elementor-element elementor-element-5bd909b elementor-widget elementor-widget-text-editor\" data-id=\"5bd909b\" data-element_type=\"widget\" data-widget_type=\"text-editor.default\">\n\t\t\t\t<div class=\"elementor-widget-container\">\n\t\t\t\t\t\t\t<p><strong>Upozornenie:<\/strong> Je vhodn\u00e9 pre mu\u017eov. Nie je vhodn\u00e9 pre deti, tehotn\u00e9, doj\u010diace \u017eeny a pre osoby trpiace kardiovaskul\u00e1rn\u00fdmi chorobami. Nie je n\u00e1hradou pestrej stravy. Skladova\u0165 mimo dosah det\u00ed.<\/p><p><strong>Skladovanie:<\/strong> Skladova\u0165 v suchu, chlade a tme. Skladova\u0165 pri teplote do 25 \u00b0C. Chr\u00e1ni\u0165 pred priamym slne\u010dn\u00fdm \u017eiaren\u00edm.<br \/>Celkov\u00e1 hmotnos\u0165 v\u00fdrobku: 3 g, 10 kaps\u00fal po 300 mg.<\/p><p><strong>V\u00fdrobca:<\/strong> BIOFRES LTD, Bulharsko<br \/>Minim\u00e1lna trvanlivos\u0165 3 roky.<\/p>\t\t\t\t\t\t<\/div>\n\t\t\t\t<\/div>\n\t\t\t\t\t<\/div>\n\t\t<\/div>\n\t\t\t\t\t<\/div>\n\t\t<\/section>\n\t\t\t\t<section class=\"elementor-section elementor-top-section elementor-element elementor-element-04f635e elementor-section-boxed elementor-section-height-default elementor-section-height-default\" data-id=\"04f635e\" data-element_type=\"section\">\n\t\t\t\t\t\t<div class=\"elementor-container elementor-column-gap-default\">\n\t\t\t\t\t<div class=\"elementor-column elementor-col-100 elementor-top-column elementor-element elementor-element-f790f67\" data-id=\"f790f67\" data-element_type=\"column\">\n\t\t\t<div class=\"elementor-widget-wrap elementor-element-populated\">\n\t\t\t\t\t\t<div class=\"elementor-element elementor-element-db97415 elementor-widget elementor-widget-text-editor\" data-id=\"db97415\" data-element_type=\"widget\" data-widget_type=\"text-editor.default\">\n\t\t\t\t<div class=\"elementor-widget-container\">\n\t\t\t\t\t\t\t<strong>\u00da\u010dinn\u00e9 l\u00e1tky v jednej kapsule (300 mg):<\/strong>\t\t\t\t\t\t<\/div>\n\t\t\t\t<\/div>\n\t\t\t\t\t<\/div>\n\t\t<\/div>\n\t\t\t\t\t<\/div>\n\t\t<\/section>\n\t\t\t\t<section class=\"elementor-section elementor-top-section elementor-element elementor-element-5465ed2 elementor-section-boxed elementor-section-height-default elementor-section-height-default\" data-id=\"5465ed2\" data-element_type=\"section\">\n\t\t\t\t\t\t<div class=\"elementor-container elementor-column-gap-default\">\n\t\t\t\t\t<div class=\"elementor-column elementor-col-50 elementor-top-column elementor-element elementor-element-2d56a62\" data-id=\"2d56a62\" data-element_type=\"column\">\n\t\t\t<div class=\"elementor-widget-wrap elementor-element-populated\">\n\t\t\t\t\t\t<div class=\"elementor-element elementor-element-5dd78ee elementor-widget elementor-widget-html\" data-id=\"5dd78ee\" data-element_type=\"widget\" data-widget_type=\"html.default\">\n\t\t\t\t<div class=\"elementor-widget-container\">\n\t\t\t<!DOCTYPE html>\n<html>\n<head>\n\t<title>HTML Table Generator<\/title> \n\t<style>\n\t\ttable {\n\t\t\tborder:0px none #b3adad;\n\t\t\tborder-collapse:collapse;\n\t\t\tpadding:5px;\n\t\t}\n\t\ttable th {\n\t\t\tborder:0px none #b3adad;\n\t\t\tpadding:5px;\n\t\t\tcolor: #313030;\n\t\t}\n\t\ttable td {\n\t\t\tborder:0px none #b3adad;\n\t\t\ttext-align:left;\n\t\t\tpadding:5px;\n\n\t\t\tcolor: #313030;\n\t\t}\n\t<\/style>\n<\/head>\n<body>\n\t<table>\n\t\n\t\t<tbody>\n\t\t\t<tr>\n\t\t\t\t<td>Maca (Lepidium meyenii)<\/td>\n\t\t\t\t<td>65 mg<\/td>\n\t\t\t<\/tr>\n\t\t\t<tr>\n\t\t\t\t<td>Kotvi\u010dn\u00edk (Tribulus terrestris)<\/td>\n\t\t\t\t<td>60 mg<\/td>\n\t\t\t<\/tr>\n\t\t\t<tr>\n\t\t\t\t<td>\u017den\u0161en prav\u00fd (Panax ginseng)<\/td>\n\t\t\t\t<td>40 mg<\/td>\n\t\t\t<\/tr>\n\t\t\t<tr>\n\t\t\t\t<td>\u0160alvia lek\u00e1rska (Salvia officinalis )<\/td>\n\t\t\t\t<td>35 mg<\/td>\n\t\t\t<\/tr>\n\t\t\t<tr>\n\t\t\t\t<td>Alp\u00ednia lek\u00e1rska  (Alpinia officinarum)<\/td>\n\t\t\t\t<td>25 mg<\/td>\n\t\t\t<\/tr>\n\t\t\t<tr>\n\t\t\t\t<td>Kolov\u00fd orech (Cola acuminata)<\/td>\n\t\t\t\t<td>25 mg<\/td>\n\t\t\t<\/tr>\n\t\t<\/tbody>\n\t<\/table>\n<\/body>\n<\/html>\t\t<\/div>\n\t\t\t\t<\/div>\n\t\t\t\t\t<\/div>\n\t\t<\/div>\n\t\t\t\t<div class=\"elementor-column elementor-col-50 elementor-top-column elementor-element elementor-element-f51fc8a\" data-id=\"f51fc8a\" data-element_type=\"column\">\n\t\t\t<div class=\"elementor-widget-wrap\">\n\t\t\t\t\t\t\t<\/div>\n\t\t<\/div>\n\t\t\t\t\t<\/div>\n\t\t<\/section>\n\t\t\t\t<\/div>\n\t\t","protected":false},"excerpt":{"rendered":"<p>EREKCiN \u2013 podporuje vitalitu, prispieva norm\u00e1lnemu<\/p>\n<p>krvn\u00e9mu obehu a t\u00fdm pom\u00e1ha udr\u017ea\u0165 akt\u00edvnu sexualitu.<\/p>\n<p>Stimuluje organizmus a jeho fyzick\u00e9 a psychick\u00e9<\/p>\n<p>schopnosti v pr\u00edpadoch slabosti, vy\u010derpania a \u00fanavy.<\/p>\n","protected":false},"featured_media":3259,"template":"","meta":{"_monsterinsights_skip_tracking":false,"_monsterinsights_sitenote_active":false,"_monsterinsights_sitenote_note":"","_monsterinsights_sitenote_category":0,"site-sidebar-layout":"default","site-content-layout":"default","ast-site-content-layout":"default","site-content-style":"default","site-sidebar-style":"default","ast-global-header-display":"","ast-banner-title-visibility":"","ast-main-header-display":"","ast-hfb-above-header-display":"","ast-hfb-below-header-display":"","ast-hfb-mobile-header-display":"","site-post-title":"","ast-breadcrumbs-content":"","ast-featured-img":"","footer-sml-layout":"","theme-transparent-header-meta":"default","adv-header-id-meta":"","stick-header-meta":"","header-above-stick-meta":"","header-main-stick-meta":"","header-below-stick-meta":"","astra-migrate-meta-layouts":"set"},"product_brand":[],"product_cat":[39],"product_tag":[],"class_list":{"0":"post-2350","1":"product","2":"type-product","3":"status-publish","4":"has-post-thumbnail","6":"product_cat-doplnek-stravy-pro-muze-sk","7":"desktop-align-left","8":"tablet-align-left","9":"mobile-align-left","11":"first","12":"instock","13":"shipping-taxable","14":"purchasable","15":"product-type-simple"},"aioseo_notices":[],"_links":{"self":[{"href":"https:\/\/www.erekcin.cz\/sk\/wp-json\/wp\/v2\/product\/2350","targetHints":{"allow":["GET"]}}],"collection":[{"href":"https:\/\/www.erekcin.cz\/sk\/wp-json\/wp\/v2\/product"}],"about":[{"href":"https:\/\/www.erekcin.cz\/sk\/wp-json\/wp\/v2\/types\/product"}],"version-history":[{"count":10,"href":"https:\/\/www.erekcin.cz\/sk\/wp-json\/wp\/v2\/product\/2350\/revisions"}],"predecessor-version":[{"id":2897,"href":"https:\/\/www.erekcin.cz\/sk\/wp-json\/wp\/v2\/product\/2350\/revisions\/2897"}],"wp:featuredmedia":[{"embeddable":true,"href":"https:\/\/www.erekcin.cz\/sk\/wp-json\/wp\/v2\/media\/3259"}],"wp:attachment":[{"href":"https:\/\/www.erekcin.cz\/sk\/wp-json\/wp\/v2\/media?parent=2350"}],"wp:term":[{"taxonomy":"product_brand","embeddable":true,"href":"https:\/\/www.erekcin.cz\/sk\/wp-json\/wp\/v2\/product_brand?post=2350"},{"taxonomy":"product_cat","embeddable":true,"href":"https:\/\/www.erekcin.cz\/sk\/wp-json\/wp\/v2\/product_cat?post=2350"},{"taxonomy":"product_tag","embeddable":true,"href":"https:\/\/www.erekcin.cz\/sk\/wp-json\/wp\/v2\/product_tag?post=2350"}],"curies":[{"name":"wp","href":"https:\/\/api.w.org\/{rel}","templated":true}]}}