{"id":2337,"date":"2019-01-23T06:32:08","date_gmt":"2019-01-23T05:32:08","guid":{"rendered":"https:\/\/www.erekcin.cz\/kontakty\/"},"modified":"2019-01-23T06:32:08","modified_gmt":"2019-01-23T05:32:08","slug":"kontakty","status":"publish","type":"page","link":"https:\/\/www.erekcin.cz\/sk\/kontakty\/","title":{"rendered":"Kontakty"},"content":{"rendered":"<style>\/*! elementor - v3.15.0 - 09-08-2023 *\/\n.elementor-heading-title{padding:0;margin:0;line-height:1}.elementor-widget-heading .elementor-heading-title[class*=elementor-size-]>a{color:inherit;font-size:inherit;line-height:inherit}.elementor-widget-heading .elementor-heading-title.elementor-size-small{font-size:15px}.elementor-widget-heading .elementor-heading-title.elementor-size-medium{font-size:19px}.elementor-widget-heading .elementor-heading-title.elementor-size-large{font-size:29px}.elementor-widget-heading .elementor-heading-title.elementor-size-xl{font-size:39px}.elementor-widget-heading .elementor-heading-title.elementor-size-xxl{font-size:59px}<\/style>\n<h2>Kontakty<\/h2>\n<h3>Kontakt<\/h3>\n<link rel=\"stylesheet\" href=\"https:\/\/www.erekcin.cz\/wp-content\/plugins\/elementor\/assets\/css\/widget-icon-box.min.css\">\n<h4>\n\t\t\t\t\t\tObchodn\u00ed firma<br \/>\n\t\t\t\t<\/h4>\n<p>\n\t\t\t\t\t\tApexMarketing s.r.o.\t\t\t\t\t<\/p>\n<h4>\n\t\t\t\t\t\tS\u00eddlo<br \/>\n\t\t\t\t<\/h4>\n<p>\n\t\t\t\t\t\tNa Folimance 2155\/15  <br \/>Vinohrady, 120 00  Praha 2<br \/>\nI\u010cO: 19532431\t\t\t\t\t<\/p>\n<p>\t\t\t\t<a href=\"http:\/\/info@erekcin.cz\"><br \/>\n\t\t\t\t\t\t\t\t<\/a><\/p>\n<h4>\n\t\t\t\t\t<a href=\"http:\/\/info@erekcin.cz\" ><br \/>\n\t\t\t\t\t\tE-mail\t\t\t\t\t<\/a><br \/>\n\t\t\t\t<\/h4>\n<p>\n\t\t\t\t\t\tinfo@erekcin.cz\t\t\t\t\t<\/p>\n<h4>\n\t\t\t\t\t\tTelefon<br \/>\n\t\t\t\t<\/h4>\n<p>\n\t\t\t\t\t\t+420 739 961 111 <br \/>\nPracovn\u00ed dny  8:00 &#8211; 16:00\t\t\t\t\t<\/p>\n<h4>\n\t\t\t\t\t\tSMS<br \/>\n\t\t\t\t<\/h4>\n<p>\n\t\t\t\t\t\t+420 739 961 111 <br \/>\nNonstop\t\t\t\t\t<\/p>\n<h3>Rychl\u00e1 zpr\u00e1va<\/h3>\n<div class=\"wpforms-container \" id=\"wpforms-11\"><form id=\"wpforms-form-11\" class=\"wpforms-validate wpforms-form\" data-formid=\"11\" method=\"post\" enctype=\"multipart\/form-data\" action=\"\/sk\/wp-json\/wp\/v2\/pages\/2337\" data-token=\"a2f5b39557b7447cb68abbd6a10126a0\" data-token-time=\"1776526097\"><noscript class=\"wpforms-error-noscript\">Please enable JavaScript in your browser to complete this form.<\/noscript><div class=\"wpforms-field-container\"><div id=\"wpforms-11-field_0-container\" class=\"wpforms-field wpforms-field-name\" data-field-id=\"0\"><label class=\"wpforms-field-label wpforms-label-hide\" for=\"wpforms-11-field_0\">Va\u0161e jm\u00e9no <span class=\"wpforms-required-label\">*<\/span><\/label><input type=\"text\" id=\"wpforms-11-field_0\" class=\"wpforms-field-large wpforms-field-required\" name=\"wpforms[fields][0]\" placeholder=\"Jm\u00e9no\" required><\/div><div id=\"wpforms-11-field_1-container\" class=\"wpforms-field wpforms-field-email\" data-field-id=\"1\"><label class=\"wpforms-field-label wpforms-label-hide\" for=\"wpforms-11-field_1\">V\u00e1\u0161 e-mail <span class=\"wpforms-required-label\">*<\/span><\/label><input type=\"email\" id=\"wpforms-11-field_1\" class=\"wpforms-field-large wpforms-field-required\" name=\"wpforms[fields][1]\" placeholder=\"E-mail\" spellcheck=\"false\" required><\/div><div id=\"wpforms-11-field_2-container\" class=\"wpforms-field wpforms-field-textarea\" data-field-id=\"2\"><label class=\"wpforms-field-label wpforms-label-hide\" for=\"wpforms-11-field_2\">Va\u0161e zpr\u00e1va <span class=\"wpforms-required-label\">*<\/span><\/label><textarea id=\"wpforms-11-field_2\" class=\"wpforms-field-medium wpforms-field-required\" name=\"wpforms[fields][2]\" placeholder=\"Zpr\u00e1va\" required><\/textarea><\/div><\/div><!-- .wpforms-field-container --><div class=\"wpforms-field wpforms-field-hp\"><label for=\"wpforms-11-field-hp\" class=\"wpforms-field-label\">Name<\/label><input type=\"text\" name=\"wpforms[hp]\" id=\"wpforms-11-field-hp\" class=\"wpforms-field-medium\"><\/div><div class=\"wpforms-submit-container\" ><input type=\"hidden\" name=\"wpforms[id]\" value=\"11\"><input type=\"hidden\" name=\"page_title\" value=\"\"><input type=\"hidden\" name=\"page_url\" value=\"https:\/\/www.erekcin.cz\/sk\/wp-json\/wp\/v2\/pages\/2337\"><input type=\"hidden\" name=\"url_referer\" value=\"\"><button type=\"submit\" name=\"wpforms[submit]\" id=\"wpforms-submit-11\" class=\"wpforms-submit\" data-alt-text=\"Odes\u00edl\u00e1m zpr\u00e1vu...\" data-submit-text=\"ODESLAT\" aria-live=\"assertive\" value=\"wpforms-submit\">ODESLAT<\/button><\/div><\/form><\/div>  <!-- .wpforms-container -->\n","protected":false},"excerpt":{"rendered":"<p>Kontakty Kontakt Obchodn\u00ed firma ApexMarketing s.r.o. S\u00eddlo Na Folimance 2155\/15 Vinohrady, 120 00 Praha 2 I\u010cO: 19532431 E-mail info@erekcin.cz Telefon +420 739 961 111 Pracovn\u00ed dny 8:00 &#8211; 16:00 SMS +420 739 961 111 Nonstop Rychl\u00e1 zpr\u00e1va<\/p>\n","protected":false},"author":1,"featured_media":0,"parent":0,"menu_order":0,"comment_status":"closed","ping_status":"closed","template":"","meta":{"_monsterinsights_skip_tracking":false,"_monsterinsights_sitenote_active":false,"_monsterinsights_sitenote_note":"","_monsterinsights_sitenote_category":0,"site-sidebar-layout":"default","site-content-layout":"","ast-site-content-layout":"","site-content-style":"default","site-sidebar-style":"default","ast-global-header-display":"","ast-banner-title-visibility":"","ast-main-header-display":"","ast-hfb-above-header-display":"","ast-hfb-below-header-display":"","ast-hfb-mobile-header-display":"","site-post-title":"","ast-breadcrumbs-content":"","ast-featured-img":"","footer-sml-layout":"","theme-transparent-header-meta":"","adv-header-id-meta":"","stick-header-meta":"","header-above-stick-meta":"","header-main-stick-meta":"","header-below-stick-meta":"","astra-migrate-meta-layouts":"","footnotes":""},"class_list":["post-2337","page","type-page","status-publish","hentry"],"aioseo_notices":[],"_links":{"self":[{"href":"https:\/\/www.erekcin.cz\/sk\/wp-json\/wp\/v2\/pages\/2337","targetHints":{"allow":["GET"]}}],"collection":[{"href":"https:\/\/www.erekcin.cz\/sk\/wp-json\/wp\/v2\/pages"}],"about":[{"href":"https:\/\/www.erekcin.cz\/sk\/wp-json\/wp\/v2\/types\/page"}],"author":[{"embeddable":true,"href":"https:\/\/www.erekcin.cz\/sk\/wp-json\/wp\/v2\/users\/1"}],"replies":[{"embeddable":true,"href":"https:\/\/www.erekcin.cz\/sk\/wp-json\/wp\/v2\/comments?post=2337"}],"version-history":[{"count":0,"href":"https:\/\/www.erekcin.cz\/sk\/wp-json\/wp\/v2\/pages\/2337\/revisions"}],"wp:attachment":[{"href":"https:\/\/www.erekcin.cz\/sk\/wp-json\/wp\/v2\/media?parent=2337"}],"curies":[{"name":"wp","href":"https:\/\/api.w.org\/{rel}","templated":true}]}}